{"id":3635,"date":"2017-05-17T09:20:29","date_gmt":"2017-05-17T07:20:29","guid":{"rendered":"https:\/\/www.generaleprefabbricatispa.com\/entreprise\/histoire\/"},"modified":"2017-09-04T10:52:41","modified_gmt":"2017-09-04T08:52:41","slug":"histoire","status":"publish","type":"page","link":"https:\/\/www.generaleprefabbricatispa.com\/fr\/entreprise\/histoire\/","title":{"rendered":"Histoire"},"content":{"rendered":"<p>En 1953 sur l&#8217;initiative d&#8217;entrepreneurs entreprenants et courageux, la soci\u00e9t\u00e9 base de ce qui deviendra un des premiers acteurs italiens du secteur de la pr\u00e9fabrication est cr\u00e9\u00e9e \u00e0 P\u00e9rouse.<\/p>\n<p><img loading=\"lazy\" decoding=\"async\" class=\"alignnone size-full wp-image-3532\" src=\"https:\/\/www.generaleprefabbricatispa.com\/wp-content\/uploads\/2017\/05\/storia01-1.jpg\" alt=\"\" width=\"880\" height=\"495\" srcset=\"https:\/\/www.generaleprefabbricatispa.com\/wp-content\/uploads\/2017\/05\/storia01-1.jpg 880w, https:\/\/www.generaleprefabbricatispa.com\/wp-content\/uploads\/2017\/05\/storia01-1-300x169.jpg 300w, https:\/\/www.generaleprefabbricatispa.com\/wp-content\/uploads\/2017\/05\/storia01-1-768x432.jpg 768w\" sizes=\"auto, (max-width: 880px) 100vw, 880px\" \/><\/p>\n<p>En plus de 60 ans d&#8217;histoire la structure et les personnes qui ont particip\u00e9 \u00e0 la r\u00e9daction de l&#8217;histoire de Generale Prefabbricati ont \u00e9t\u00e9 nombreux et d&#8217;un haut profil, les valeurs qui d\u00e9rivent de ces personnes sont: le s\u00e9rieux, dur labeur, respect des choses et des personnes, demeurent intacts et gr\u00e2ce \u00e0 l&#8217;ambition et aux intuitions de tous ceux qui lui ont succ\u00e9d\u00e9 l&#8217;histoire de l&#8217;entreprise continue et se distingue; une histoire authentique et durable qui compte parmi ses piliers justement le capital humain qui a contribu\u00e9 \u00e0 faire la diff\u00e9rence.<\/p>\n","protected":false},"excerpt":{"rendered":"<p>En 1953 sur l&#8217;initiative d&#8217;entrepreneurs entreprenants et courageux, la soci\u00e9t\u00e9 base de ce qui deviendra un des premiers acteurs italiens du secteur de la pr\u00e9fabrication est cr\u00e9\u00e9e \u00e0 P\u00e9rouse.<\/p>\n","protected":false},"author":17,"featured_media":4827,"parent":3634,"menu_order":20,"comment_status":"closed","ping_status":"closed","template":"","meta":{"footnotes":""},"class_list":["post-3635","page","type-page","status-publish","has-post-thumbnail","hentry","description-off"],"_links":{"self":[{"href":"https:\/\/www.generaleprefabbricatispa.com\/fr\/wp-json\/wp\/v2\/pages\/3635","targetHints":{"allow":["GET"]}}],"collection":[{"href":"https:\/\/www.generaleprefabbricatispa.com\/fr\/wp-json\/wp\/v2\/pages"}],"about":[{"href":"https:\/\/www.generaleprefabbricatispa.com\/fr\/wp-json\/wp\/v2\/types\/page"}],"author":[{"embeddable":true,"href":"https:\/\/www.generaleprefabbricatispa.com\/fr\/wp-json\/wp\/v2\/users\/17"}],"replies":[{"embeddable":true,"href":"https:\/\/www.generaleprefabbricatispa.com\/fr\/wp-json\/wp\/v2\/comments?post=3635"}],"version-history":[{"count":0,"href":"https:\/\/www.generaleprefabbricatispa.com\/fr\/wp-json\/wp\/v2\/pages\/3635\/revisions"}],"up":[{"embeddable":true,"href":"https:\/\/www.generaleprefabbricatispa.com\/fr\/wp-json\/wp\/v2\/pages\/3634"}],"wp:featuredmedia":[{"embeddable":true,"href":"https:\/\/www.generaleprefabbricatispa.com\/fr\/wp-json\/wp\/v2\/media\/4827"}],"wp:attachment":[{"href":"https:\/\/www.generaleprefabbricatispa.com\/fr\/wp-json\/wp\/v2\/media?parent=3635"}],"curies":[{"name":"wp","href":"https:\/\/api.w.org\/{rel}","templated":true}]}}