{"id":3637,"date":"2017-05-17T09:21:41","date_gmt":"2017-05-17T07:21:41","guid":{"rendered":"https:\/\/www.generaleprefabbricatispa.com\/entreprise\/certifications\/"},"modified":"2023-04-13T15:29:37","modified_gmt":"2023-04-13T13:29:37","slug":"certifications","status":"publish","type":"page","link":"https:\/\/www.generaleprefabbricatispa.com\/fr\/entreprise\/certifications\/","title":{"rendered":"Certifications"},"content":{"rendered":"<p>Le haut degr\u00e9 de professionnalisme et la fiabilit\u00e9 d\u00e9montr\u00e9e au cours de plus de soixante ans d&#8217;activit\u00e9 dans le secteur de la pr\u00e9fabrication ont permis \u00e0 Generale Prefabbricati d&#8217;obtenir les reconnaissances les plus importantes de la part d&#8217;instituts de certification du marquage de qualit\u00e9.<\/p>\n<p><img loading=\"lazy\" decoding=\"async\" class=\"imaborder alignnone wp-image-4779 size-full\" src=\"https:\/\/www.generaleprefabbricatispa.com\/wp-content\/uploads\/2017\/05\/030412HT1.jpg\" alt=\"\" width=\"880\" height=\"337\" srcset=\"https:\/\/www.generaleprefabbricatispa.com\/wp-content\/uploads\/2017\/05\/030412HT1.jpg 880w, https:\/\/www.generaleprefabbricatispa.com\/wp-content\/uploads\/2017\/05\/030412HT1-300x115.jpg 300w, https:\/\/www.generaleprefabbricatispa.com\/wp-content\/uploads\/2017\/05\/030412HT1-768x294.jpg 768w\" sizes=\"auto, (max-width: 880px) 100vw, 880px\" \/><\/p>\n<p>Certification de Qualit\u00e9 ISO 9001:2015 pour la conception de constructions et le montage de structures avec \u00e9l\u00e9ments pr\u00e9fabriqu\u00e9s en b\u00e9ton: b\u00e2timents pour usage d&#8217;habitations et b\u00e2timents industriels, routes, autoroutes, ponts, viaducs, aqueducs, gazoducs, ol\u00e9oducs, ouvrages d&#8217;irrigation et d&#8217;\u00e9vacuation, transport et montage de composants structurels en b\u00e9ton.<\/p>\n<table>\n<tbody>\n<tr>\n<td valign=\"bottom\" nowrap=\"nowrap\"><strong>EN<\/strong><\/td>\n<td valign=\"bottom\" nowrap=\"nowrap\"><strong>1168:2005+A3:2011<\/strong><\/td>\n<td valign=\"bottom\" nowrap=\"nowrap\">Plaques Alv\u00e9olaires Spiroll<\/td>\n<\/tr>\n<tr>\n<td valign=\"bottom\" nowrap=\"nowrap\"><strong>EN<\/strong><\/td>\n<td valign=\"bottom\" nowrap=\"nowrap\"><strong>13747:2005+A2:2010<\/strong><\/td>\n<td valign=\"bottom\" nowrap=\"nowrap\">Pr\u00e9dalles<\/td>\n<\/tr>\n<tr>\n<td valign=\"bottom\" nowrap=\"nowrap\"><strong>EN<\/strong><\/td>\n<td valign=\"bottom\" nowrap=\"nowrap\"><strong>13225:2013<\/strong><\/td>\n<td valign=\"bottom\" nowrap=\"nowrap\">\u00c9l\u00e9ments lin\u00e9aires: poutres et piliers<\/td>\n<\/tr>\n<tr>\n<td valign=\"bottom\" nowrap=\"nowrap\"><strong>EN<\/strong><\/td>\n<td valign=\"bottom\" nowrap=\"nowrap\"><strong>15050:2007+A1:2012<\/strong><\/td>\n<td valign=\"bottom\" nowrap=\"nowrap\">\u00c9l\u00e9ments de pont<\/td>\n<\/tr>\n<tr>\n<td valign=\"bottom\" nowrap=\"nowrap\"><strong>EN<\/strong><\/td>\n<td valign=\"bottom\" nowrap=\"nowrap\"><strong>15258:2008<\/strong><\/td>\n<td valign=\"bottom\" nowrap=\"nowrap\">Murs pr\u00e9fabriqu\u00e9s pr\u00e9contraints<\/td>\n<\/tr>\n<tr>\n<td valign=\"bottom\" nowrap=\"nowrap\"><strong>EN<\/strong><\/td>\n<td valign=\"bottom\" nowrap=\"nowrap\"><strong>13224:2011<\/strong><\/td>\n<td valign=\"bottom\" nowrap=\"nowrap\">\u00c9l\u00e9ments nervur\u00e9s<\/td>\n<\/tr>\n<tr>\n<td valign=\"bottom\" nowrap=\"nowrap\"><strong>EN<\/strong><\/td>\n<td valign=\"bottom\" nowrap=\"nowrap\"><strong>13693:2004+A1:2009<\/strong><\/td>\n<td valign=\"bottom\" nowrap=\"nowrap\">\u00c9l\u00e9ments de couverture<\/td>\n<\/tr>\n<tr>\n<td valign=\"bottom\" nowrap=\"nowrap\"><strong>EN<\/strong><\/td>\n<td valign=\"bottom\" nowrap=\"nowrap\"><strong>14992:2007+A1:2012<\/strong><\/td>\n<td valign=\"bottom\" nowrap=\"nowrap\">\u00c9l\u00e9ments Muraux<\/td>\n<\/tr>\n<\/tbody>\n<\/table>\n<p>De plus, suite au Syst\u00e8me Unique de Qualification pour effectuer des travaux publics, l&#8217;entreprise a obtenu les attestations Cat.\u00a0<strong>OG1 (Class. VIII)<\/strong>, Cat.\u00a0<strong>OG3 (Class. VII)<\/strong>, Cat.\u00a0<strong>OS13 (Class. VIII),\u00a0<\/strong>Cat.\u00a0<strong>OS12-A (Class. III-BIS).<\/strong><\/p>\n<p><a href=\"https:\/\/www.generaleprefabbricatispa.com\/wp-content\/uploads\/2022\/03\/attestazione-soa-n-46345-17-00-del-17-03-2022.pdf\" target=\"_blank\" rel=\"noopener noreferrer\">SOA CERTIFICATION<\/a><br \/>\n<a href=\"https:\/\/www.generaleprefabbricatispa.com\/wp-content\/uploads\/2015\/12\/CE-1305-CPR-0439_BASALUZZO_30.11.2015.pdf\" target=\"_blank\" rel=\"noopener noreferrer\">CE 1305-CPR-0439 &#8211; BASALUZZO 30.11.2015<\/a><br \/>\n<a href=\"https:\/\/www.generaleprefabbricatispa.com\/wp-content\/uploads\/2015\/10\/Certificato-CE_Bettona_27.05.2015.pdf\" target=\"_blank\" rel=\"noopener noreferrer\">CE-1305-CPR-0441 &#8211; BETTONA 27.05.2015<\/a><br \/>\n<a href=\"https:\/\/www.generaleprefabbricatispa.com\/wp-content\/uploads\/2015\/12\/CE-1305-CPR-0440_SAN-SALVO_30.11.2015.pdf\" target=\"_blank\" rel=\"noopener noreferrer\">CE 1305-CPR-0440 &#8211; SAN SALVO 30.11.2015<\/a><br \/>\n<a href=\"https:\/\/www.generaleprefabbricatispa.com\/wp-content\/uploads\/2015\/12\/Certificati-CE-Stabilimenti-FR.pdf\" target=\"_blank\" rel=\"noopener noreferrer\">CE Factory Certificates &#8211; FR<\/a><br \/>\n<a href=\"https:\/\/www.generaleprefabbricatispa.com\/wp-content\/uploads\/2015\/12\/CE-FR-1305-CPR-0439_BASALUZZO.pdf\" target=\"_blank\" rel=\"noopener noreferrer\">CE FR 1305-CPR-0439 &#8211; BASALUZZO<\/a><br \/>\n<a href=\"https:\/\/www.generaleprefabbricatispa.com\/wp-content\/uploads\/2015\/12\/CE-FR-1305-CPR-0441_BETTONA.pdf\" target=\"_blank\" rel=\"noopener noreferrer\">CE FR 1305-CPR-0441 &#8211; BETTONA<\/a><br \/>\n<a href=\"https:\/\/www.generaleprefabbricatispa.com\/wp-content\/uploads\/2015\/12\/CE-FR-1305-CPR-0440_SAN-SALVO.pdf\" target=\"_blank\" rel=\"noopener noreferrer\">CE FR 1305-CPR-0440 &#8211; SAN SALVO<\/a><br \/>\n<a href=\"https:\/\/www.generaleprefabbricatispa.com\/wp-content\/uploads\/2021\/09\/02710.pdf\" target=\"_blank\" rel=\"noopener\">UNI EN ISO 9001:2015 &#8211; EA: 28*, 31 a &#8211; 09.09.2021<\/a><br \/>\n<a href=\"https:\/\/www.generaleprefabbricatispa.com\/wp-content\/uploads\/2021\/09\/95080.pdf\" target=\"_blank\" rel=\"noopener\">UNI EN ISO 9001:2015 &#8211; EA:16 &#8211; 09.09.2021<\/a><br \/>\n<a href=\"https:\/\/www.generaleprefabbricatispa.com\/wp-content\/uploads\/2021\/09\/FPC138-gp.pdf\" target=\"_blank\" rel=\"noopener\">FPC 138 &#8211; 09.09.2021<\/a><br \/>\n<a href=\"https:\/\/www.generaleprefabbricatispa.com\/wp-content\/uploads\/2021\/09\/UNI-EN-ISO-90012015-09.09.2021-IT-1309.pdf\" target=\"_blank\" rel=\"noopener\">UNI EN ISO 9001:2015 &#8211; 09.09.2021 &#8211; IT &#8211; 1309<\/a><br \/>\n<a href=\"https:\/\/www.generaleprefabbricatispa.com\/wp-content\/uploads\/2021\/09\/UNI-EN-ISO-90012015-09.09.2021-IT-27715.pdf\" target=\"_blank\" rel=\"noopener\">UNI EN ISO 9001: 2015 &#8211; 09.09.2021 &#8211; IT &#8211; 27715<\/a><br \/>\n<a href=\"https:\/\/www.generaleprefabbricatispa.com\/wp-content\/uploads\/2021\/11\/EB-ISO-9001_2015.pdf\" target=\"_blank\" rel=\"noopener\">EB ISO 9001:2015<\/a><br \/>\n<a href=\"https:\/\/www.generaleprefabbricatispa.com\/wp-content\/uploads\/2021\/11\/EB-IQNET-9001_2015.pdf\" target=\"_blank\" rel=\"noopener\">EB IQNET 9001:2015<\/a><br \/>\n<a href=\"https:\/\/www.generaleprefabbricatispa.com\/wp-content\/uploads\/2023\/04\/GRCA-Full-Member-Certificate-2023-24-Edil-Beton-Perugia.pdf\" target=\"_blank\" rel=\"noopener\">EB Certificate of GRCA membership<\/a><\/p>\n","protected":false},"excerpt":{"rendered":"<p>Le haut degr\u00e9 de professionnalisme et la fiabilit\u00e9 d\u00e9montr\u00e9e au cours de plus de soixante ans d&#8217;activit\u00e9 dans le secteur de la pr\u00e9fabrication ont permis \u00e0 Generale Prefabbricati d&#8217;obtenir les reconnaissances les plus importantes de la part d&#8217;instituts de certification du marquage de qualit\u00e9.<\/p>\n","protected":false},"author":17,"featured_media":4779,"parent":3634,"menu_order":15,"comment_status":"closed","ping_status":"closed","template":"","meta":{"footnotes":""},"class_list":["post-3637","page","type-page","status-publish","has-post-thumbnail","hentry","description-off"],"_links":{"self":[{"href":"https:\/\/www.generaleprefabbricatispa.com\/fr\/wp-json\/wp\/v2\/pages\/3637","targetHints":{"allow":["GET"]}}],"collection":[{"href":"https:\/\/www.generaleprefabbricatispa.com\/fr\/wp-json\/wp\/v2\/pages"}],"about":[{"href":"https:\/\/www.generaleprefabbricatispa.com\/fr\/wp-json\/wp\/v2\/types\/page"}],"author":[{"embeddable":true,"href":"https:\/\/www.generaleprefabbricatispa.com\/fr\/wp-json\/wp\/v2\/users\/17"}],"replies":[{"embeddable":true,"href":"https:\/\/www.generaleprefabbricatispa.com\/fr\/wp-json\/wp\/v2\/comments?post=3637"}],"version-history":[{"count":0,"href":"https:\/\/www.generaleprefabbricatispa.com\/fr\/wp-json\/wp\/v2\/pages\/3637\/revisions"}],"up":[{"embeddable":true,"href":"https:\/\/www.generaleprefabbricatispa.com\/fr\/wp-json\/wp\/v2\/pages\/3634"}],"wp:featuredmedia":[{"embeddable":true,"href":"https:\/\/www.generaleprefabbricatispa.com\/fr\/wp-json\/wp\/v2\/media\/4779"}],"wp:attachment":[{"href":"https:\/\/www.generaleprefabbricatispa.com\/fr\/wp-json\/wp\/v2\/media?parent=3637"}],"curies":[{"name":"wp","href":"https:\/\/api.w.org\/{rel}","templated":true}]}}