{"id":3638,"date":"2012-12-14T06:55:46","date_gmt":"2012-12-14T05:55:46","guid":{"rendered":"https:\/\/www.generaleprefabbricatispa.com\/edilbeton-gfrc\/"},"modified":"2018-10-30T16:40:15","modified_gmt":"2018-10-30T15:40:15","slug":"edilbeton-gfrc","status":"publish","type":"page","link":"https:\/\/www.generaleprefabbricatispa.com\/fr\/solutions\/edilbeton-gfrc\/","title":{"rendered":"Edilbeton GFRC"},"content":{"rendered":"<div class=\"wpb-content-wrapper\"><p>[vc_row][vc_column][vc_column_text]<a href=\"https:\/\/www.edilbetonperugia.it\/\" target=\"_blank\" rel=\"noopener\"><img loading=\"lazy\" decoding=\"async\" class=\"alignright size-medium wp-image-3570\" src=\"https:\/\/www.generaleprefabbricatispa.com\/wp-content\/uploads\/2012\/12\/logo-edilbeton-300x73.jpg\" alt=\"\" width=\"300\" height=\"73\" srcset=\"https:\/\/www.generaleprefabbricatispa.com\/wp-content\/uploads\/2012\/12\/logo-edilbeton-300x73.jpg 300w, https:\/\/www.generaleprefabbricatispa.com\/wp-content\/uploads\/2012\/12\/logo-edilbeton.jpg 427w\" sizes=\"auto, (max-width: 300px) 100vw, 300px\" \/><\/a><strong>GFRC\u00a0(Glass Fiber Reinforced Concrete)<\/strong>\u00a0est le produit dont <strong>Edil Beton<\/strong>\u00a0Perugia compte parmi les premiers producteurs en Europe, est un produit \u00e0 base de ciment renforc\u00e9 avec des fibres de verre AR particuli\u00e8rement indiqu\u00e9 pour la r\u00e9alisation de fa\u00e7ades architecturales l\u00e9g\u00e8res. La l\u00e9g\u00e8ret\u00e9 est une des particularit\u00e9s les plus importantes de ce produit capable de prendre des formes architecturales plus audacieuses gr\u00e2ce \u00e0 de particuli\u00e8res caract\u00e9ristiques de fa\u00e7onnable et ductile.<\/p>\n<p>Le GFRC est donc un mat\u00e9riau extr\u00eamement versatile qui permet une grande libert\u00e9 dans la conception architecturale, Edil Beton Perugia d\u00e9veloppe la conception et la r\u00e9alisation de produits en GFRC et des produits de finition moyennement lourds et op\u00e8re depuis plus de 40 ans sur ce march\u00e9 de niche particuli\u00e8rement prestigieux surtout sur les march\u00e9s d&#8217;Am\u00e9rique du Nord et de l&#8217;Europe du Nord.[\/vc_column_text][\/vc_column][\/vc_row][vc_row][vc_column][vc_column_text]<div class=\"real3dflipbook\" id=\"2_69d7b057a294a\" style=\"position:absolute;\" data-flipbook-options=\"{&quot;mode&quot;:&quot;normal&quot;,&quot;viewMode&quot;:&quot;webgl&quot;,&quot;pageTextureSize&quot;:&quot;1024&quot;,&quot;zoomMin&quot;:&quot;0.9&quot;,&quot;zoomStep&quot;:&quot;2&quot;,&quot;zoomDisabled&quot;:&quot;false&quot;,&quot;singlePageMode&quot;:&quot;true&quot;,&quot;pageFlipDuration&quot;:&quot;1&quot;,&quot;sound&quot;:&quot;true&quot;,&quot;startPage&quot;:&quot;1&quot;,&quot;deeplinking&quot;:{&quot;enabled&quot;:&quot;false&quot;,&quot;prefix&quot;:&quot;&quot;},&quot;responsiveView&quot;:&quot;true&quot;,&quot;responsiveViewTreshold&quot;:&quot;768&quot;,&quot;textLayer&quot;:&quot;false&quot;,&quot;pdfPageScale&quot;:&quot;&quot;,&quot;height&quot;:&quot;800&quot;,&quot;responsiveHeight&quot;:&quot;true&quot;,&quot;aspectRatio&quot;:&quot;1.5&quot;,&quot;thumbnailsOnStart&quot;:&quot;false&quot;,&quot;contentOnStart&quot;:&quot;false&quot;,&quot;tableOfContentCloseOnClick&quot;:&quot;true&quot;,&quot;thumbsCloseOnClick&quot;:&quot;true&quot;,&quot;autoplayOnStart&quot;:&quot;false&quot;,&quot;autoplayInterval&quot;:&quot;3000&quot;,&quot;autoplayStartPage&quot;:&quot;1&quot;,&quot;rightToLeft&quot;:&quot;false&quot;,&quot;pageWidth&quot;:&quot;&quot;,&quot;pageHeight&quot;:&quot;&quot;,&quot;thumbSize&quot;:&quot;130&quot;,&quot;logoImg&quot;:&quot;&quot;,&quot;logoUrl&quot;:&quot;&quot;,&quot;logoCSS&quot;:&quot;position:absolute;&quot;,&quot;menuSelector&quot;:&quot;&quot;,&quot;zIndex&quot;:&quot;auto&quot;,&quot;preloaderText&quot;:&quot;&quot;,&quot;googleAnalyticsTrackingCode&quot;:&quot;&quot;,&quot;pdfBrowserViewerIfIE&quot;:&quot;false&quot;,&quot;viewModeMobile&quot;:&quot;&quot;,&quot;pageTextureSizeMobile&quot;:&quot;&quot;,&quot;aspectRatioMobile&quot;:&quot;&quot;,&quot;singlePageModeIfMobile&quot;:&quot;true&quot;,&quot;pdfBrowserViewerIfMobile&quot;:&quot;false&quot;,&quot;pdfBrowserViewerFullscreen&quot;:&quot;true&quot;,&quot;pdfBrowserViewerFullscreenTarget&quot;:&quot;_blank&quot;,&quot;btnTocIfMobile&quot;:&quot;false&quot;,&quot;btnThumbsIfMobile&quot;:&quot;false&quot;,&quot;btnShareIfMobile&quot;:&quot;false&quot;,&quot;btnDownloadPagesIfMobile&quot;:&quot;false&quot;,&quot;btnDownloadPdfIfMobile&quot;:&quot;false&quot;,&quot;btnSoundIfMobile&quot;:&quot;false&quot;,&quot;btnExpandIfMobile&quot;:&quot;true&quot;,&quot;btnPrintIfMobile&quot;:&quot;false&quot;,&quot;logoHideOnMobile&quot;:&quot;false&quot;,&quot;lightboxCSS&quot;:&quot;&quot;,&quot;lightboxBackground&quot;:&quot;rgb(81, 85, 88)&quot;,&quot;lightboxContainerCSS&quot;:&quot;display:inline-block;padding:10px;&quot;,&quot;lightboxThumbnailHeight&quot;:&quot;150&quot;,&quot;lightboxThumbnailUrlCSS&quot;:&quot;display:block;&quot;,&quot;lightboxText&quot;:&quot;&quot;,&quot;lightboxTextCSS&quot;:&quot;display:block;&quot;,&quot;lightboxTextPosition&quot;:&quot;top&quot;,&quot;lightBoxOpened&quot;:&quot;false&quot;,&quot;lightBoxFullscreen&quot;:&quot;false&quot;,&quot;lightboxCloseOnClick&quot;:&quot;false&quot;,&quot;lightboxMarginV&quot;:&quot;0&quot;,&quot;lightboxMarginH&quot;:&quot;0&quot;,&quot;lights&quot;:&quot;true&quot;,&quot;lightPositionX&quot;:&quot;0&quot;,&quot;lightPositionY&quot;:&quot;150&quot;,&quot;lightPositionZ&quot;:&quot;1400&quot;,&quot;lightIntensity&quot;:&quot;0.6&quot;,&quot;shadows&quot;:&quot;true&quot;,&quot;shadowMapSize&quot;:&quot;2048&quot;,&quot;shadowOpacity&quot;:&quot;0.2&quot;,&quot;shadowDistance&quot;:&quot;15&quot;,&quot;pageHardness&quot;:&quot;2&quot;,&quot;coverHardness&quot;:&quot;2&quot;,&quot;pageRoughness&quot;:&quot;1&quot;,&quot;pageMetalness&quot;:&quot;0&quot;,&quot;pageSegmentsW&quot;:&quot;6&quot;,&quot;pageSegmentsH&quot;:&quot;1&quot;,&quot;pageMiddleShadowSize&quot;:&quot;2&quot;,&quot;pageMiddleShadowColorL&quot;:&quot;#999999&quot;,&quot;pageMiddleShadowColorR&quot;:&quot;#777777&quot;,&quot;antialias&quot;:&quot;false&quot;,&quot;pan&quot;:&quot;0&quot;,&quot;tilt&quot;:&quot;0&quot;,&quot;rotateCameraOnMouseDrag&quot;:&quot;true&quot;,&quot;panMax&quot;:&quot;20&quot;,&quot;panMin&quot;:&quot;-20&quot;,&quot;tiltMax&quot;:&quot;0&quot;,&quot;tiltMin&quot;:&quot;-60&quot;,&quot;currentPage&quot;:{&quot;enabled&quot;:&quot;true&quot;,&quot;title&quot;:&quot;Current page&quot;},&quot;btnAutoplay&quot;:{&quot;enabled&quot;:&quot;true&quot;,&quot;icon&quot;:&quot;fa-play&quot;,&quot;title&quot;:&quot;Autoplay&quot;},&quot;btnNext&quot;:{&quot;enabled&quot;:&quot;true&quot;,&quot;icon&quot;:&quot;fa-chevron-right&quot;,&quot;title&quot;:&quot;Next Page&quot;},&quot;btnLast&quot;:{&quot;enabled&quot;:&quot;false&quot;,&quot;icon&quot;:&quot;fa-step-forward&quot;,&quot;title&quot;:&quot;Last Page&quot;},&quot;btnPrev&quot;:{&quot;enabled&quot;:&quot;true&quot;,&quot;icon&quot;:&quot;fa-chevron-left&quot;,&quot;title&quot;:&quot;Next Page&quot;},&quot;btnFirst&quot;:{&quot;enabled&quot;:&quot;false&quot;,&quot;icon&quot;:&quot;fa-step-backward&quot;,&quot;title&quot;:&quot;First Page&quot;},&quot;btnZoomIn&quot;:{&quot;enabled&quot;:&quot;true&quot;,&quot;icon&quot;:&quot;fa-plus&quot;,&quot;title&quot;:&quot;Zoom in&quot;},&quot;btnZoomOut&quot;:{&quot;enabled&quot;:&quot;true&quot;,&quot;icon&quot;:&quot;fa-minus&quot;,&quot;title&quot;:&quot;Zoom out&quot;},&quot;btnToc&quot;:{&quot;enabled&quot;:&quot;false&quot;,&quot;icon&quot;:&quot;fa-list-ol&quot;,&quot;title&quot;:&quot;Table of content&quot;},&quot;btnThumbs&quot;:{&quot;enabled&quot;:&quot;false&quot;,&quot;icon&quot;:&quot;fa-th-large&quot;,&quot;title&quot;:&quot;Pages&quot;},&quot;btnShare&quot;:{&quot;enabled&quot;:&quot;false&quot;,&quot;icon&quot;:&quot;fa-share-alt&quot;,&quot;title&quot;:&quot;Share&quot;},&quot;btnDownloadPages&quot;:{&quot;enabled&quot;:&quot;false&quot;,&quot;url&quot;:&quot;&quot;,&quot;icon&quot;:&quot;fa-download&quot;,&quot;title&quot;:&quot;Download pages&quot;},&quot;btnDownloadPdf&quot;:{&quot;enabled&quot;:&quot;false&quot;,&quot;url&quot;:&quot;&quot;,&quot;icon&quot;:&quot;fa-file&quot;,&quot;title&quot;:&quot;Download PDF&quot;,&quot;forceDownload&quot;:&quot;true&quot;,&quot;openInNewWindow&quot;:&quot;true&quot;},&quot;btnSound&quot;:{&quot;enabled&quot;:&quot;true&quot;,&quot;icon&quot;:&quot;fa-volume-up&quot;,&quot;title&quot;:&quot;Sound&quot;},&quot;btnExpand&quot;:{&quot;enabled&quot;:&quot;true&quot;,&quot;icon&quot;:&quot;fa-expand&quot;,&quot;iconAlt&quot;:&quot;fa-compress&quot;,&quot;title&quot;:&quot;Toggle fullscreen&quot;},&quot;btnSelect&quot;:{&quot;enabled&quot;:&quot;true&quot;,&quot;icon&quot;:&quot;fas fa-i-cursor&quot;,&quot;title&quot;:&quot;Select tool&quot;},&quot;btnSearch&quot;:{&quot;enabled&quot;:&quot;false&quot;,&quot;icon&quot;:&quot;fas fa-search&quot;,&quot;title&quot;:&quot;Search&quot;},&quot;btnPrint&quot;:{&quot;enabled&quot;:&quot;false&quot;,&quot;icon&quot;:&quot;fa-print&quot;,&quot;title&quot;:&quot;Print&quot;},&quot;google_plus&quot;:{&quot;enabled&quot;:&quot;false&quot;,&quot;url&quot;:&quot;&quot;},&quot;twitter&quot;:{&quot;enabled&quot;:&quot;false&quot;,&quot;url&quot;:&quot;&quot;,&quot;description&quot;:&quot;&quot;},&quot;facebook&quot;:{&quot;enabled&quot;:&quot;false&quot;,&quot;url&quot;:&quot;&quot;,&quot;description&quot;:&quot;&quot;,&quot;title&quot;:&quot;&quot;,&quot;image&quot;:&quot;&quot;,&quot;caption&quot;:&quot;&quot;},&quot;pinterest&quot;:{&quot;enabled&quot;:&quot;false&quot;,&quot;url&quot;:&quot;&quot;,&quot;image&quot;:&quot;&quot;,&quot;description&quot;:&quot;&quot;},&quot;email&quot;:{&quot;enabled&quot;:&quot;false&quot;,&quot;url&quot;:&quot;&quot;,&quot;description&quot;:&quot;&quot;},&quot;theme&quot;:&quot;default&quot;,&quot;skin&quot;:&quot;light&quot;,&quot;sideNavigationButtons&quot;:&quot;true&quot;,&quot;backgroundColor&quot;:&quot;#e6e7e8&quot;,&quot;backgroundPattern&quot;:&quot;&quot;,&quot;backgroundTransparent&quot;:&quot;false&quot;,&quot;menuBackground&quot;:&quot;&quot;,&quot;menuShadow&quot;:&quot;0 0 0 rgba(0,0,0,0.16), 0 0 0 rgba(0,0,0,0.23)&quot;,&quot;menuMargin&quot;:&quot;0&quot;,&quot;menuPadding&quot;:&quot;0&quot;,&quot;menuOverBook&quot;:&quot;false&quot;,&quot;hideMenu&quot;:&quot;false&quot;,&quot;menuAlignHorizontal&quot;:&quot;center&quot;,&quot;btnColor&quot;:&quot;&quot;,&quot;btnBackground&quot;:&quot;none&quot;,&quot;btnRadius&quot;:&quot;0&quot;,&quot;btnMargin&quot;:&quot;0&quot;,&quot;btnSize&quot;:&quot;16&quot;,&quot;btnPaddingV&quot;:&quot;10&quot;,&quot;btnPaddingH&quot;:&quot;10&quot;,&quot;btnShadow&quot;:&quot;&quot;,&quot;btnTextShadow&quot;:&quot;&quot;,&quot;btnBorder&quot;:&quot;&quot;,&quot;sideBtnColor&quot;:&quot;#007289&quot;,&quot;sideBtnBackground&quot;:&quot;#ffffff&quot;,&quot;sideBtnRadius&quot;:&quot;0&quot;,&quot;sideBtnMargin&quot;:&quot;0&quot;,&quot;sideBtnSize&quot;:&quot;40&quot;,&quot;sideBtnPaddingV&quot;:&quot;&quot;,&quot;sideBtnPaddingH&quot;:&quot;&quot;,&quot;sideBtnShadow&quot;:&quot;&quot;,&quot;sideBtnTextShadow&quot;:&quot;&quot;,&quot;sideBtnBorder&quot;:&quot;&quot;,&quot;closeBtnColor&quot;:&quot;#FFF&quot;,&quot;closeBtnBackground&quot;:&quot;rgba(0,0,0,.4)&quot;,&quot;closeBtnRadius&quot;:&quot;0&quot;,&quot;closeBtnMargin&quot;:&quot;0&quot;,&quot;closeBtnSize&quot;:&quot;20&quot;,&quot;closeBtnPadding&quot;:&quot;5&quot;,&quot;closeBtnTextShadow&quot;:&quot;&quot;,&quot;closeBtnBorder&quot;:&quot;&quot;,&quot;currentPagePositionV&quot;:&quot;top&quot;,&quot;currentPagePositionH&quot;:&quot;left&quot;,&quot;currentPageMarginV&quot;:&quot;5&quot;,&quot;currentPageMarginH&quot;:&quot;5&quot;,&quot;strings&quot;:{&quot;print&quot;:&quot;Print&quot;,&quot;printLeftPage&quot;:&quot;Print left page&quot;,&quot;printRightPage&quot;:&quot;Print right page&quot;,&quot;printCurrentPage&quot;:&quot;Print current page&quot;,&quot;printAllPages&quot;:&quot;Print all pages&quot;,&quot;download&quot;:&quot;Download&quot;,&quot;downloadLeftPage&quot;:&quot;Download left page&quot;,&quot;downloadRightPage&quot;:&quot;Download right page&quot;,&quot;downloadCurrentPage&quot;:&quot;Download current page&quot;,&quot;downloadAllPages&quot;:&quot;Download all pages&quot;,&quot;bookmarks&quot;:&quot;Bookmarks&quot;,&quot;bookmarkLeftPage&quot;:&quot;Bookmark left page&quot;,&quot;bookmarkRightPage&quot;:&quot;Bookmark right page&quot;,&quot;bookmarkCurrentPage&quot;:&quot;Bookmark current page&quot;,&quot;search&quot;:&quot;Search&quot;,&quot;findInDocument&quot;:&quot;Find in document&quot;,&quot;pagesFoundContaining&quot;:&quot;pages found containing&quot;,&quot;thumbnails&quot;:&quot;Thumbnails&quot;,&quot;tableOfContent&quot;:&quot;Table of content&quot;,&quot;share&quot;:&quot;Share&quot;,&quot;pressEscToClose&quot;:&quot;Press ESC to close&quot;},&quot;id&quot;:&quot;2&quot;,&quot;name&quot;:&quot;Raccolta realizzazioni GFRC&quot;,&quot;pages&quot;:[{&quot;title&quot;:&quot;&quot;,&quot;src&quot;:&quot;&quot;,&quot;thumb&quot;:&quot;&quot;,&quot;htmlContent&quot;:&quot;&quot;},{&quot;title&quot;:&quot;&quot;,&quot;src&quot;:&quot;&quot;,&quot;thumb&quot;:&quot;&quot;,&quot;htmlContent&quot;:&quot;&quot;},{&quot;title&quot;:&quot;&quot;,&quot;src&quot;:&quot;&quot;,&quot;thumb&quot;:&quot;&quot;,&quot;htmlContent&quot;:&quot;&quot;},{&quot;title&quot;:&quot;&quot;,&quot;src&quot;:&quot;&quot;,&quot;thumb&quot;:&quot;&quot;,&quot;htmlContent&quot;:&quot;&quot;},{&quot;title&quot;:&quot;&quot;,&quot;src&quot;:&quot;&quot;,&quot;thumb&quot;:&quot;&quot;,&quot;htmlContent&quot;:&quot;&quot;},{&quot;title&quot;:&quot;&quot;,&quot;src&quot;:&quot;&quot;,&quot;thumb&quot;:&quot;&quot;,&quot;htmlContent&quot;:&quot;&quot;},{&quot;title&quot;:&quot;&quot;,&quot;src&quot;:&quot;&quot;,&quot;thumb&quot;:&quot;&quot;,&quot;htmlContent&quot;:&quot;&quot;},{&quot;title&quot;:&quot;&quot;,&quot;src&quot;:&quot;&quot;,&quot;thumb&quot;:&quot;&quot;,&quot;htmlContent&quot;:&quot;&quot;},{&quot;title&quot;:&quot;&quot;,&quot;src&quot;:&quot;&quot;,&quot;thumb&quot;:&quot;&quot;,&quot;htmlContent&quot;:&quot;&quot;},{&quot;title&quot;:&quot;&quot;,&quot;src&quot;:&quot;&quot;,&quot;thumb&quot;:&quot;&quot;,&quot;htmlContent&quot;:&quot;&quot;},{&quot;title&quot;:&quot;&quot;,&quot;src&quot;:&quot;&quot;,&quot;thumb&quot;:&quot;&quot;,&quot;htmlContent&quot;:&quot;&quot;},{&quot;title&quot;:&quot;&quot;,&quot;src&quot;:&quot;&quot;,&quot;thumb&quot;:&quot;&quot;,&quot;htmlContent&quot;:&quot;&quot;},{&quot;title&quot;:&quot;&quot;,&quot;src&quot;:&quot;&quot;,&quot;thumb&quot;:&quot;&quot;,&quot;htmlContent&quot;:&quot;&quot;},{&quot;title&quot;:&quot;&quot;,&quot;src&quot;:&quot;&quot;,&quot;thumb&quot;:&quot;&quot;,&quot;htmlContent&quot;:&quot;&quot;},{&quot;title&quot;:&quot;&quot;,&quot;src&quot;:&quot;&quot;,&quot;thumb&quot;:&quot;&quot;,&quot;htmlContent&quot;:&quot;&quot;},{&quot;title&quot;:&quot;&quot;,&quot;src&quot;:&quot;&quot;,&quot;thumb&quot;:&quot;&quot;,&quot;htmlContent&quot;:&quot;&quot;}],&quot;date&quot;:&quot;2017-06-30 18:17:37&quot;,&quot;pdfUrl&quot;:&quot;https:\\\/\\\/www.generaleprefabbricatispa.com\\\/wp-content\\\/uploads\\\/2017\\\/06\\\/Raccolta_Foto_realizzazioni_GFRC_GEN-2017-web.pdf&quot;,&quot;type&quot;:&quot;pdf&quot;,&quot;pageMode&quot;:&quot;singlePage&quot;,&quot;allowPageScroll&quot;:&quot;vertical&quot;,&quot;fitToWindow&quot;:&quot;false&quot;,&quot;fitToParent&quot;:&quot;false&quot;,&quot;fitToHeight&quot;:&quot;false&quot;,&quot;offsetTop&quot;:&quot;0&quot;,&quot;loadAllPages&quot;:&quot;false&quot;,&quot;thumbnailWidth&quot;:&quot;100&quot;,&quot;thumbnailHeight&quot;:&quot;141&quot;,&quot;zoomLevels&quot;:&quot;0.9,2,5&quot;,&quot;lightboxCssClass&quot;:&quot;&quot;,&quot;lightboxThumbnailUrl&quot;:&quot;https:\\\/\\\/www.generaleprefabbricatispa.com\\\/wp-content\\\/uploads\\\/real3d-flipbook\\\/flipbook_2\\\/thumb.jpg&quot;,&quot;spotlightColor&quot;:&quot;#FFFFFF&quot;,&quot;ambientLightColor&quot;:&quot;3355443&quot;,&quot;spotlightIntensity&quot;:&quot;0.14&quot;,&quot;minPixelRatio&quot;:&quot;1&quot;,&quot;rotateCameraOnMouseMove&quot;:&quot;false&quot;,&quot;panMax2&quot;:&quot;2&quot;,&quot;panMin2&quot;:&quot;-2&quot;,&quot;tiltMax2&quot;:&quot;0&quot;,&quot;tiltMin2&quot;:&quot;-5&quot;,&quot;webglMinAndroidVersion&quot;:&quot;4.4&quot;,&quot;btnExpandLightbox&quot;:{&quot;enabled&quot;:&quot;true&quot;,&quot;icon&quot;:&quot;fa-expand&quot;,&quot;iconAlt&quot;:&quot;fa-compress&quot;,&quot;title&quot;:&quot;Toggle fullscreen&quot;},&quot;submit&quot;:&quot;Save Flipbook&quot;,&quot;rootFolder&quot;:&quot;https:\\\/\\\/www.generaleprefabbricatispa.com\\\/wp-content\\\/plugins\\\/real3d-flipbook\\\/&quot;,&quot;uniqueId&quot;:&quot;2_69d7b057a294a&quot;}\"><\/div>[\/vc_column_text][\/vc_column][\/vc_row]<\/p>\n<\/div>","protected":false},"excerpt":{"rendered":"<p>GFRC\u00a0(Glass Fiber Reinforced Concrete)\u00a0est le produit dont Edil Beton\u00a0Perugia compte parmi les premiers producteurs en Europe,  est un produit \u00e0 base de ciment renforc\u00e9 avec des fibres de verre AR particuli\u00e8rement indiqu\u00e9 pour la r\u00e9alisation de fa\u00e7ades architecturales l\u00e9g\u00e8res.<\/p>\n","protected":false},"author":17,"featured_media":4817,"parent":3642,"menu_order":59,"comment_status":"closed","ping_status":"closed","template":"","meta":{"footnotes":""},"class_list":["post-3638","page","type-page","status-publish","has-post-thumbnail","hentry","description-off"],"_links":{"self":[{"href":"https:\/\/www.generaleprefabbricatispa.com\/fr\/wp-json\/wp\/v2\/pages\/3638","targetHints":{"allow":["GET"]}}],"collection":[{"href":"https:\/\/www.generaleprefabbricatispa.com\/fr\/wp-json\/wp\/v2\/pages"}],"about":[{"href":"https:\/\/www.generaleprefabbricatispa.com\/fr\/wp-json\/wp\/v2\/types\/page"}],"author":[{"embeddable":true,"href":"https:\/\/www.generaleprefabbricatispa.com\/fr\/wp-json\/wp\/v2\/users\/17"}],"replies":[{"embeddable":true,"href":"https:\/\/www.generaleprefabbricatispa.com\/fr\/wp-json\/wp\/v2\/comments?post=3638"}],"version-history":[{"count":0,"href":"https:\/\/www.generaleprefabbricatispa.com\/fr\/wp-json\/wp\/v2\/pages\/3638\/revisions"}],"up":[{"embeddable":true,"href":"https:\/\/www.generaleprefabbricatispa.com\/fr\/wp-json\/wp\/v2\/pages\/3642"}],"wp:featuredmedia":[{"embeddable":true,"href":"https:\/\/www.generaleprefabbricatispa.com\/fr\/wp-json\/wp\/v2\/media\/4817"}],"wp:attachment":[{"href":"https:\/\/www.generaleprefabbricatispa.com\/fr\/wp-json\/wp\/v2\/media?parent=3638"}],"curies":[{"name":"wp","href":"https:\/\/api.w.org\/{rel}","templated":true}]}}