{"id":3639,"date":"2010-12-21T07:47:27","date_gmt":"2010-12-21T06:47:27","guid":{"rendered":"https:\/\/www.generaleprefabbricatispa.com\/construction-industrialisee\/"},"modified":"2017-08-07T15:08:14","modified_gmt":"2017-08-07T13:08:14","slug":"construction-industrialisee","status":"publish","type":"page","link":"https:\/\/www.generaleprefabbricatispa.com\/fr\/solutions\/construction-industrialisee\/","title":{"rendered":"Construction industrialis\u00e9e"},"content":{"rendered":"<p>Generale Prefabbricati est un pionnier dans la <strong>pr\u00e9fabrication et dans la Construction Industrialis\u00e9e<\/strong>.<br \/>\nGenerale Prefabbricati, est l&#8217;un des principaux acteurs italiens dans la conception, commercialisation, production et montage des \u00e9l\u00e9ments pr\u00e9fabriqu\u00e9s structurels en b\u00e9ton arm\u00e9 et b\u00e9ton arme pr\u00e9contraint.<\/p>\n<p><img loading=\"lazy\" decoding=\"async\" class=\"imaborder alignnone wp-image-3592 size-full\" src=\"https:\/\/www.generaleprefabbricatispa.com\/wp-content\/uploads\/2010\/12\/industrializzata01.jpg\" alt=\"\" width=\"880\" height=\"675\" srcset=\"https:\/\/www.generaleprefabbricatispa.com\/wp-content\/uploads\/2010\/12\/industrializzata01.jpg 880w, https:\/\/www.generaleprefabbricatispa.com\/wp-content\/uploads\/2010\/12\/industrializzata01-300x230.jpg 300w, https:\/\/www.generaleprefabbricatispa.com\/wp-content\/uploads\/2010\/12\/industrializzata01-768x589.jpg 768w\" sizes=\"auto, (max-width: 880px) 100vw, 880px\" \/><\/p>\n<p>D&#8217;importantes comp\u00e9tences ont \u00e9t\u00e9 acquises dans la r\u00e9alisation d&#8217;\u00e9difices civils, industriels et notamment d&#8217;\u00e9difices commerciaux, parkings, parcs commerciaux, \u00e9difices de culte et pour la socialit\u00e8.<\/p>\n","protected":false},"excerpt":{"rendered":"<p>Generale Prefabbricati est un pionnier dans la pr\u00e9fabrication et dans la Construction Industrialis\u00e9e<\/p>\n","protected":false},"author":17,"featured_media":4769,"parent":3642,"menu_order":61,"comment_status":"closed","ping_status":"closed","template":"","meta":{"footnotes":""},"class_list":["post-3639","page","type-page","status-publish","has-post-thumbnail","hentry","description-off"],"_links":{"self":[{"href":"https:\/\/www.generaleprefabbricatispa.com\/fr\/wp-json\/wp\/v2\/pages\/3639","targetHints":{"allow":["GET"]}}],"collection":[{"href":"https:\/\/www.generaleprefabbricatispa.com\/fr\/wp-json\/wp\/v2\/pages"}],"about":[{"href":"https:\/\/www.generaleprefabbricatispa.com\/fr\/wp-json\/wp\/v2\/types\/page"}],"author":[{"embeddable":true,"href":"https:\/\/www.generaleprefabbricatispa.com\/fr\/wp-json\/wp\/v2\/users\/17"}],"replies":[{"embeddable":true,"href":"https:\/\/www.generaleprefabbricatispa.com\/fr\/wp-json\/wp\/v2\/comments?post=3639"}],"version-history":[{"count":0,"href":"https:\/\/www.generaleprefabbricatispa.com\/fr\/wp-json\/wp\/v2\/pages\/3639\/revisions"}],"up":[{"embeddable":true,"href":"https:\/\/www.generaleprefabbricatispa.com\/fr\/wp-json\/wp\/v2\/pages\/3642"}],"wp:featuredmedia":[{"embeddable":true,"href":"https:\/\/www.generaleprefabbricatispa.com\/fr\/wp-json\/wp\/v2\/media\/4769"}],"wp:attachment":[{"href":"https:\/\/www.generaleprefabbricatispa.com\/fr\/wp-json\/wp\/v2\/media?parent=3639"}],"curies":[{"name":"wp","href":"https:\/\/api.w.org\/{rel}","templated":true}]}}