{"id":3640,"date":"2017-05-12T16:13:48","date_gmt":"2017-05-12T14:13:48","guid":{"rendered":"https:\/\/www.generaleprefabbricatispa.com\/infrastructure\/"},"modified":"2017-08-07T15:08:54","modified_gmt":"2017-08-07T13:08:54","slug":"infrastructure","status":"publish","type":"page","link":"https:\/\/www.generaleprefabbricatispa.com\/fr\/solutions\/infrastructure\/","title":{"rendered":"Infrastructure"},"content":{"rendered":"<div class=\"wpb-content-wrapper\"><p>[vc_row][vc_column][vc_column_text]Generale Prefabbricati, qui d\u00e9tient entre autres SOA OG3 cat VIII, est le <strong>leader dans la r\u00e9alisation de grands ouvrages infrastructurels<\/strong>: ponts, viaducs routiers et ferroviaires, autoroutes, tunnels artificiels, \u00e9l\u00e9ments sp\u00e9ciaux pour les ports.<\/p>\n<p><img loading=\"lazy\" decoding=\"async\" class=\"imaborder alignnone wp-image-3589 size-full\" src=\"https:\/\/www.generaleprefabbricatispa.com\/wp-content\/uploads\/2017\/05\/infrastrutture01.jpg\" alt=\"\" width=\"880\" height=\"532\" srcset=\"https:\/\/www.generaleprefabbricatispa.com\/wp-content\/uploads\/2017\/05\/infrastrutture01.jpg 880w, https:\/\/www.generaleprefabbricatispa.com\/wp-content\/uploads\/2017\/05\/infrastrutture01-300x181.jpg 300w, https:\/\/www.generaleprefabbricatispa.com\/wp-content\/uploads\/2017\/05\/infrastrutture01-768x464.jpg 768w\" sizes=\"auto, (max-width: 880px) 100vw, 880px\" \/><\/p>\n<p>La r\u00e9alisation peut concerner uniquement la production dans l&#8217;\u00e9tablissement ou m\u00eame, notamment, le transport et le lancement, mais \u00e9galement l&#8217;ex\u00e9cution de tout l&#8217;ouvrage: tabliers \u00e0 partir des fondations ou de tron\u00e7ons entiers du r\u00e9seau routier etou ferroviaire.<\/p>\n<p>Generale Prefabbricati outre la OG3 poss\u00e8de dans la cat. VIII SOA OS 13 et OG1 est donc parfaitement capable de g\u00e9rer au mieux les grands ouvrages complexes, m\u00eame \u00e0 travers la construction d&#8217;\u00e9tablissements sur place.<br \/>\nLes synergies industrielles et commerciales avec les autres soci\u00e9t\u00e9s du groupe et les certifications SOA pour participer aux appels d&#8217;offres pour des travaux m\u00eame avec des montants illimit\u00e9s, repr\u00e9sentent une autre caract\u00e9ristique de Generale Prefabbricati.[\/vc_column_text][\/vc_column][\/vc_row][vc_row][vc_column width=&#8221;1\/2&#8243;][vc_single_image image=&#8221;3590&#8243; img_size=&#8221;full&#8221; image_hovers=&#8221;false&#8221; lazy_loading=&#8221;true&#8221; el_class=&#8221;imaborder&#8221;][\/vc_column][vc_column width=&#8221;1\/2&#8243;][vc_single_image image=&#8221;3591&#8243; img_size=&#8221;full&#8221; image_hovers=&#8221;false&#8221; lazy_loading=&#8221;true&#8221; el_class=&#8221;imaborder&#8221;][\/vc_column][\/vc_row]<\/p>\n<\/div>","protected":false},"excerpt":{"rendered":"<p>Generale Prefabbricati, qui d\u00e9tient entre autres SOA OG3 cat VIII, est le leader dans la r\u00e9alisation de grands ouvrages infrastructurels: ponts, viaducs routiers et ferroviaires, autoroutes, tunnels artificiels, \u00e9l\u00e9ments sp\u00e9ciaux pour les ports.<\/p>\n","protected":false},"author":17,"featured_media":4771,"parent":3642,"menu_order":64,"comment_status":"closed","ping_status":"closed","template":"","meta":{"footnotes":""},"class_list":["post-3640","page","type-page","status-publish","has-post-thumbnail","hentry","description-off"],"_links":{"self":[{"href":"https:\/\/www.generaleprefabbricatispa.com\/fr\/wp-json\/wp\/v2\/pages\/3640","targetHints":{"allow":["GET"]}}],"collection":[{"href":"https:\/\/www.generaleprefabbricatispa.com\/fr\/wp-json\/wp\/v2\/pages"}],"about":[{"href":"https:\/\/www.generaleprefabbricatispa.com\/fr\/wp-json\/wp\/v2\/types\/page"}],"author":[{"embeddable":true,"href":"https:\/\/www.generaleprefabbricatispa.com\/fr\/wp-json\/wp\/v2\/users\/17"}],"replies":[{"embeddable":true,"href":"https:\/\/www.generaleprefabbricatispa.com\/fr\/wp-json\/wp\/v2\/comments?post=3640"}],"version-history":[{"count":0,"href":"https:\/\/www.generaleprefabbricatispa.com\/fr\/wp-json\/wp\/v2\/pages\/3640\/revisions"}],"up":[{"embeddable":true,"href":"https:\/\/www.generaleprefabbricatispa.com\/fr\/wp-json\/wp\/v2\/pages\/3642"}],"wp:featuredmedia":[{"embeddable":true,"href":"https:\/\/www.generaleprefabbricatispa.com\/fr\/wp-json\/wp\/v2\/media\/4771"}],"wp:attachment":[{"href":"https:\/\/www.generaleprefabbricatispa.com\/fr\/wp-json\/wp\/v2\/media?parent=3640"}],"curies":[{"name":"wp","href":"https:\/\/api.w.org\/{rel}","templated":true}]}}